{"id":14534,"date":"2021-06-29T19:43:10","date_gmt":"2021-06-29T17:43:10","guid":{"rendered":"https:\/\/nomadaviatges.develmedia.es\/?page_id=14534"},"modified":"2022-05-26T10:39:31","modified_gmt":"2022-05-26T08:39:31","slug":"ofertes-ecoturisme-espana","status":"publish","type":"page","link":"https:\/\/nomadaviatges.com\/es\/ofertes-ecoturisme-espana\/","title":{"rendered":"Escapades Ecoturisme 2022"},"content":{"rendered":"<div data-elementor-type=\"wp-page\" data-elementor-id=\"14534\" class=\"elementor elementor-14534\" data-elementor-post-type=\"page\">\n\t\t\t\t\t\t<section data-particle_enable=\"false\" data-particle-mobile-disabled=\"false\" class=\"wd-negative-gap elementor-section elementor-top-section elementor-element elementor-element-1b631e6 wd-section-stretch elementor-section-boxed elementor-section-height-default elementor-section-height-default\" data-id=\"1b631e6\" data-element_type=\"section\" data-settings=\"{&quot;background_background&quot;:&quot;classic&quot;}\">\n\t\t\t\t\t\t\t<div class=\"elementor-background-overlay\"><\/div>\n\t\t\t\t\t\t\t<div class=\"elementor-container elementor-column-gap-default\">\n\t\t\t\t\t<div class=\"elementor-column elementor-col-50 elementor-top-column elementor-element elementor-element-efbafb2\" data-id=\"efbafb2\" data-element_type=\"column\">\n\t\t\t<div class=\"elementor-widget-wrap elementor-element-populated\">\n\t\t\t\t\t\t<div class=\"elementor-element elementor-element-b0f7482 elementor-widget elementor-widget-image\" data-id=\"b0f7482\" data-element_type=\"widget\" data-widget_type=\"image.default\">\n\t\t\t\t<div class=\"elementor-widget-container\">\n\t\t\t\t\t\t\t\t\t\t\t\t\t\t\t<img decoding=\"async\" width=\"472\" height=\"96\" src=\"https:\/\/nomadaviatges.com\/wp-content\/uploads\/2021\/06\/soy-ecoturista.png\" class=\"attachment-large size-large wp-image-14350\" alt=\"\" srcset=\"https:\/\/nomadaviatges.com\/wp-content\/uploads\/2021\/06\/soy-ecoturista.png 472w, https:\/\/nomadaviatges.com\/wp-content\/uploads\/2021\/06\/soy-ecoturista-150x31.png 150w, https:\/\/nomadaviatges.com\/wp-content\/uploads\/2021\/06\/soy-ecoturista-300x61.png 300w\" sizes=\"(max-width: 472px) 100vw, 472px\" \/>\t\t\t\t\t\t\t\t\t\t\t\t\t\t\t<\/div>\n\t\t\t\t<\/div>\n\t\t\t\t<div class=\"elementor-element elementor-element-4f2da60 color-scheme-inherit text-left elementor-widget elementor-widget-text-editor\" data-id=\"4f2da60\" data-element_type=\"widget\" data-widget_type=\"text-editor.default\">\n\t\t\t\t<div class=\"elementor-widget-container\">\n\t\t\t\t\t\t\t\t\t<p>N\u00f2mada Viatges, en col\u00b7laboraci\u00f3 amb el Club Ecoturismo en Espa\u00f1a i la resta d&#8217;empreses adherides, hem confeccionat una serie de paquets tur\u00edstics compromesos amb l&#8217;espai nautral i el desenvolupament.<\/p><p>El Club Ecoturisme a Espanya revela els 20 espais protegits on s&#8217;ofereixen fins a 53 escapades d&#8217;aut\u00e8ntic ecoturisme durant els pr\u00f2xims 7 mesos del 2022. Sota el lema \u201cViu la Naturalesa\u201d, la tercera edici\u00f3 del Cat\u00e0leg d&#8217;Escapades d&#8217;Ecoturisme ha comptat amb el suport de la Secretaria d&#8217;Estat de Turisme i t\u00e9 com a objectiu promoure el producte Ecoturisme a Espanya i estimular el seu consum en el mercat nacional.<\/p>\t\t\t\t\t\t\t\t<\/div>\n\t\t\t\t<\/div>\n\t\t\t\t<section data-particle_enable=\"false\" data-particle-mobile-disabled=\"false\" class=\"wd-negative-gap elementor-section elementor-inner-section elementor-element elementor-element-ac7466b elementor-section-boxed elementor-section-height-default elementor-section-height-default\" data-id=\"ac7466b\" data-element_type=\"section\">\n\t\t\t\t\t\t<div class=\"elementor-container elementor-column-gap-default\">\n\t\t\t\t\t<div class=\"elementor-column elementor-col-50 elementor-inner-column elementor-element elementor-element-9fad525\" data-id=\"9fad525\" data-element_type=\"column\" data-settings=\"{&quot;background_background&quot;:&quot;classic&quot;}\">\n\t\t\t<div class=\"elementor-widget-wrap elementor-element-populated\">\n\t\t\t\t\t\t<div class=\"elementor-element elementor-element-5aef902 elementor-widget elementor-widget-wd_button\" data-id=\"5aef902\" data-element_type=\"widget\" data-widget_type=\"wd_button.default\">\n\t\t\t\t<div class=\"elementor-widget-container\">\n\t\t\t\t\t\t\t<div class=\"wd-button-wrapper text-center\" >\n\t\t\t<a class=\"btn btn-style-default btn-style-rectangle btn-size-default btn-color-primary btn-icon-pos-left\" href=\"https:\/\/soyecoturista.com\/wp-content\/uploads\/2019\/06\/Catalogo-Escapadas-Club-Ecoturismo-2022.pdf\" target=\"_blank\" rel=\"noopener\">\n\t\t\t\t<span class=\"wd-btn-text\" data-elementor-setting-key=\"text\">\n\t\t\t\t\tDescarregar cat\u00e0leg\t\t\t\t<\/span>\n\n\t\t\t\t\t\t\t\t\t<span class=\"wd-btn-icon\">\n\t\t\t\t\t\t<span class=\"wd-icon fas fa-file-download\"><\/span>\t\t\t\t\t<\/span>\n\t\t\t\t\t\t\t<\/a>\n\t\t<\/div>\n\t\t\t\t\t\t<\/div>\n\t\t\t\t<\/div>\n\t\t\t\t\t<\/div>\n\t\t<\/div>\n\t\t\t\t<div class=\"elementor-column elementor-col-50 elementor-inner-column elementor-element elementor-element-1e1d32b elementor-hidden-phone\" data-id=\"1e1d32b\" data-element_type=\"column\">\n\t\t\t<div class=\"elementor-widget-wrap elementor-element-populated\">\n\t\t\t\t\t\t<div class=\"elementor-element elementor-element-b4c7dc0 elementor-widget elementor-widget-wd_button\" data-id=\"b4c7dc0\" data-element_type=\"widget\" data-widget_type=\"wd_button.default\">\n\t\t\t\t<div class=\"elementor-widget-container\">\n\t\t\t\t\t\t\t<div class=\"wd-button-wrapper text-center\" >\n\t\t\t<a class=\"btn btn-style-default btn-style-rectangle btn-size-default btn-color-primary btn-icon-pos-left\" href=\"https:\/\/soyecoturista.com\/escapadas-ecoturismo-2022\/\" target=\"_blank\" rel=\"noopener\">\n\t\t\t\t<span class=\"wd-btn-text\" data-elementor-setting-key=\"text\">\n\t\t\t\t\tVisita el web club ecoturismo en espa\u00f1a\t\t\t\t<\/span>\n\n\t\t\t\t\t\t\t\t\t<span class=\"wd-btn-icon\">\n\t\t\t\t\t\t<span class=\"wd-icon fas fa-plus-circle\"><\/span>\t\t\t\t\t<\/span>\n\t\t\t\t\t\t\t<\/a>\n\t\t<\/div>\n\t\t\t\t\t\t<\/div>\n\t\t\t\t<\/div>\n\t\t\t\t\t<\/div>\n\t\t<\/div>\n\t\t\t\t\t<\/div>\n\t\t<\/section>\n\t\t\t\t\t<\/div>\n\t\t<\/div>\n\t\t\t\t<div class=\"elementor-column elementor-col-50 elementor-top-column elementor-element elementor-element-ce30ce7\" data-id=\"ce30ce7\" data-element_type=\"column\">\n\t\t\t<div class=\"elementor-widget-wrap elementor-element-populated\">\n\t\t\t\t\t\t<div class=\"elementor-element elementor-element-9a7379f elementor-widget elementor-widget-html\" data-id=\"9a7379f\" data-element_type=\"widget\" data-widget_type=\"html.default\">\n\t\t\t\t<div class=\"elementor-widget-container\">\n\t\t\t\t\t<iframe width=\"620px\" height=\"368px\" src=\"https:\/\/www.yumpu.com\/es\/embed\/view\/wGDivpu9ygtZmPea\" frameborder=\"0\" allowfullscreen=\"true\"  allowtransparency=\"true\"><\/iframe>\t\t\t\t<\/div>\n\t\t\t\t<\/div>\n\t\t\t\t\t<\/div>\n\t\t<\/div>\n\t\t\t\t\t<\/div>\n\t\t<\/section>\n\t\t\t\t<section data-particle_enable=\"false\" data-particle-mobile-disabled=\"false\" class=\"wd-negative-gap elementor-section elementor-top-section elementor-element elementor-element-3dc6e5e7 elementor-section-boxed elementor-section-height-default elementor-section-height-default\" data-id=\"3dc6e5e7\" data-element_type=\"section\">\n\t\t\t\t\t\t<div class=\"elementor-container elementor-column-gap-default\">\n\t\t\t\t\t<div class=\"elementor-column elementor-col-100 elementor-top-column elementor-element elementor-element-76c2e4f3\" data-id=\"76c2e4f3\" data-element_type=\"column\">\n\t\t\t<div class=\"elementor-widget-wrap elementor-element-populated\">\n\t\t\t\t\t\t<div class=\"elementor-element elementor-element-3fc03a7 wd-width-100 elementor-widget elementor-widget-wd_title\" data-id=\"3fc03a7\" data-element_type=\"widget\" data-widget_type=\"wd_title.default\">\n\t\t\t\t<div class=\"elementor-widget-container\">\n\t\t\t\t\t\t\t<div class=\"title-wrapper set-mb-s reset-last-child wd-title-color-primary wd-title-style-simple wd-title-size-custom text-center\">\n\n\t\t\t\n\t\t\t<div class=\"liner-continer\">\n\t\t\t\t<h4 class=\"woodmart-title-container title\">Packs Soy Eco Turista<\/h4> \n\t\t\t\t\t\t\t<\/div>\n\n\t\t\t\t\t<\/div>\n\t\t\t\t\t\t<\/div>\n\t\t\t\t<\/div>\n\t\t\t\t<div class=\"elementor-element elementor-element-574e5316 elementor-widget elementor-widget-wd_products_tabs\" data-id=\"574e5316\" data-element_type=\"widget\" data-widget_type=\"wd_products_tabs.default\">\n\t\t\t\t<div class=\"elementor-widget-container\">\n\t\t\t\t\t\t\t<div class=\"wd-tabs wd-products-tabs tabs-design-default\">\n\t\t\t<div class=\"wd-tabs-header text-center\">\n\t\t\t\t\n\t\t\t\t\n\t\t\t\t<div class=\"wd-nav-wrapper wd-nav-tabs-wrapper tabs-navigation-wrapper\">\n\n\t\t\t\t\t<ul class=\"wd-nav wd-nav-tabs products-tabs-title wd-style-underline wd-icon-pos-top\">\n\t\t\t\t\t\t\t\t\t\t\t\t\t\n\t\t\t\t\t\t\t<li data-atts=\"{&quot;layout&quot;:&quot;carousel&quot;,&quot;pagination&quot;:null,&quot;pagination_arrows_position&quot;:null,&quot;items_per_page&quot;:2,&quot;spacing&quot;:&quot;20&quot;,&quot;spacing_tablet&quot;:&quot;&quot;,&quot;spacing_mobile&quot;:&quot;&quot;,&quot;columns&quot;:null,&quot;products_masonry&quot;:null,&quot;products_different_sizes&quot;:null,&quot;product_quantity&quot;:&quot;&quot;,&quot;product_hover&quot;:&quot;icons&quot;,&quot;sale_countdown&quot;:&quot;0&quot;,&quot;stretch_product_tablet&quot;:0,&quot;stretch_product_mobile&quot;:0,&quot;stock_progress_bar&quot;:&quot;0&quot;,&quot;highlighted_products&quot;:0,&quot;products_bordered_grid&quot;:&quot;0&quot;,&quot;products_bordered_grid_style&quot;:null,&quot;products_with_background&quot;:&quot;0&quot;,&quot;products_shadow&quot;:&quot;0&quot;,&quot;products_color_scheme&quot;:&quot;default&quot;,&quot;img_size&quot;:&quot;large&quot;,&quot;elementor&quot;:true,&quot;slides_per_view&quot;:{&quot;unit&quot;:&quot;px&quot;,&quot;size&quot;:2,&quot;sizes&quot;:[]},&quot;scroll_per_page&quot;:&quot;yes&quot;,&quot;center_mode&quot;:null,&quot;wrap&quot;:&quot;no&quot;,&quot;autoheight&quot;:&quot;no&quot;,&quot;autoplay&quot;:&quot;no&quot;,&quot;speed&quot;:null,&quot;scroll_carousel_init&quot;:&quot;no&quot;,&quot;disable_overflow_carousel&quot;:&quot;no&quot;,&quot;hide_prev_next_buttons&quot;:&quot;no&quot;,&quot;carousel_arrows_position&quot;:null,&quot;hide_pagination_control&quot;:&quot;no&quot;,&quot;dynamic_pagination_control&quot;:&quot;no&quot;,&quot;hide_scrollbar&quot;:&quot;yes&quot;,&quot;carousel_sync&quot;:&quot;&quot;,&quot;sync_parent_id&quot;:null,&quot;sync_child_id&quot;:null,&quot;img_size_custom&quot;:null,&quot;stretch_product&quot;:&quot;0&quot;,&quot;grid_gallery&quot;:&quot;&quot;,&quot;grid_gallery_control&quot;:null,&quot;grid_gallery_enable_arrows&quot;:null,&quot;lazy_loading&quot;:&quot;no&quot;,&quot;post_type&quot;:&quot;ids&quot;,&quot;include&quot;:[&quot;14516&quot;,&quot;1716&quot;],&quot;ajax_recently_viewed&quot;:null,&quot;taxonomies&quot;:null,&quot;orderby&quot;:&quot;&quot;,&quot;offset&quot;:null,&quot;query_type&quot;:&quot;OR&quot;,&quot;order&quot;:null,&quot;hide_out_of_stock&quot;:&quot;no&quot;,&quot;meta_key&quot;:null,&quot;exclude&quot;:null}\" class=\"wd-active\">\n\t\t\t\t\t\t\t\t<a href=\"#\" class=\"wd-nav-link\">\n\t\t\t\t\t\t\t\t\t\n\t\t\t\t\t\t\t\t\t<span class=\"tab-label nav-link-text\">\n\t\t\t\t\t\t\t\t\t\t\t\t\t\t\t\t\t\t\t<\/span>\n\t\t\t\t\t\t\t\t<\/a>\n\t\t\t\t\t\t\t<\/li>\n\t\t\t\t\t\t\t\t\t\t\t<\/ul>\n\t\t\t\t<\/div>\n\t\t\t<\/div>\n\n\t\t\t\t\t\t\t\t\t\t\t\t<div class=\"wd-tab-content-wrapper\">\n\t\t\t\t\t<div class=\"wd-sticky-loader\"><span class=\"wd-loader\"><\/span><\/div>\n\t\t\t\t\n\t\t\t\t\t<div id=\"carousel-488\" class=\"wd-carousel-container  wd-tab-content wd-active wd-in wd-products-element wd-products products\">\n\t\t\t\t\n\t\t\t\t<div class=\"wd-carousel-inner\">\n\t\t\t\t\t<div class=\"wd-carousel wd-grid\" data-scroll_per_page=\"yes\" style=\"--wd-col-lg:2;--wd-col-md:2;--wd-col-sm:2;--wd-gap-lg:20px;--wd-gap-sm:10px;\">\n\t\t\t\t\t\t<div class=\"wd-carousel-wrap\">\n\t\t\t\t\t\t\t\t\t<div class=\"wd-carousel-item\">\n\t\t\t\t\t\t\t\t\t\t\t<div class=\"wd-product wd-hover-icons product-grid-item product type-product post-14516 status-publish instock product_cat-ecoturisme has-post-thumbnail sold-individually taxable shipping-taxable purchasable product-type-booking\" data-loop=\"1\" data-id=\"14516\">\n\t\n\t<div class=\"product-wrapper\">\n\t<div class=\"product-element-top wd-quick-shop\">\n\t\t<a href=\"https:\/\/nomadaviatges.com\/es\/producto\/ecoaventura-entre-arrossars\/\" class=\"product-image-link\">\n\t\t\t<img fetchpriority=\"high\" decoding=\"async\" width=\"580\" height=\"580\" src=\"https:\/\/nomadaviatges.com\/wp-content\/uploads\/2021\/06\/ecoaventura-entre-arrozales.png\" class=\"attachment-large size-large\" alt=\"\" srcset=\"https:\/\/nomadaviatges.com\/wp-content\/uploads\/2021\/06\/ecoaventura-entre-arrozales.png 580w, https:\/\/nomadaviatges.com\/wp-content\/uploads\/2021\/06\/ecoaventura-entre-arrozales-300x300.png 300w, https:\/\/nomadaviatges.com\/wp-content\/uploads\/2021\/06\/ecoaventura-entre-arrozales-150x150.png 150w\" sizes=\"(max-width: 580px) 100vw, 580px\" \/>\t\t<\/a>\n\n\t\t\t\t\t<div class=\"hover-img\">\n\t\t\t\t<a href=\"https:\/\/nomadaviatges.com\/es\/producto\/ecoaventura-entre-arrossars\/\" aria-label=\"Product image\">\n\t\t\t\t\t<img decoding=\"async\" width=\"1000\" height=\"1000\" src=\"https:\/\/nomadaviatges.com\/wp-content\/uploads\/2021\/06\/Sin-titulo-3.jpg\" class=\"attachment-large size-large\" alt=\"\" srcset=\"https:\/\/nomadaviatges.com\/wp-content\/uploads\/2021\/06\/Sin-titulo-3.jpg 1000w, https:\/\/nomadaviatges.com\/wp-content\/uploads\/2021\/06\/Sin-titulo-3-300x300.jpg 300w, https:\/\/nomadaviatges.com\/wp-content\/uploads\/2021\/06\/Sin-titulo-3-150x150.jpg 150w, https:\/\/nomadaviatges.com\/wp-content\/uploads\/2021\/06\/Sin-titulo-3-600x600.jpg 600w, https:\/\/nomadaviatges.com\/wp-content\/uploads\/2021\/06\/Sin-titulo-3-768x768.jpg 768w\" sizes=\"(max-width: 1000px) 100vw, 1000px\" \/>\t\t\t\t<\/a>\n\t\t\t<\/div>\n\t\t\t\n\t\t<div class=\"wrapp-buttons\">\n\t\t\t<div class=\"wd-buttons\">\n\t\t\t\t<div class=\"wd-add-btn wd-action-btn wd-style-icon wd-add-cart-icon\"><a href=\"https:\/\/nomadaviatges.com\/es\/producto\/ecoaventura-entre-arrossars\/\" aria-describedby=\"woocommerce_loop_add_to_cart_link_describedby_14516\" data-quantity=\"1\" class=\"button product_type_booking add_to_cart_button add-to-cart-loop\" data-product_id=\"14516\" data-product_sku=\"\" aria-label=\"Lee m\u00e1s sobre \u201cEcoaventura entre arrossars\u201d\" rel=\"nofollow\" data-no-translation-aria-label=\"\"><span data-no-translation=\"\" data-trp-gettext=\"\">Leer m\u00e1s<\/span><\/a><span id=\"woocommerce_loop_add_to_cart_link_describedby_14516\" class=\"screen-reader-text\">\n\t<\/span>\n<\/div>\n\t\t\t\t\t\t\t\t\t\t\t\t\t\t<div class=\"quick-view wd-action-btn wd-style-icon wd-quick-view-icon\">\n\t\t\t<a href=\"https:\/\/nomadaviatges.com\/es\/producto\/ecoaventura-entre-arrossars\/\" class=\"open-quick-view quick-view-button\" rel=\"nofollow\" data-id=\"14516\">Vista r\u00e1pida<\/a>\n\t\t<\/div>\n\t\t\t\t\t\t\t\t\t\t\t\t\t<\/div> \n\t\t<\/div>\n\t<\/div>\n\t\t\t\t\t<h3 class=\"wd-entities-title\"><a href=\"https:\/\/nomadaviatges.com\/es\/producto\/ecoaventura-entre-arrossars\/\">Ecoaventura entre arrossars<\/a><\/h3>\t\t\t\t<div class=\"wd-product-cats\">\n\t\t\t<a href=\"https:\/\/nomadaviatges.com\/es\/categoria-producto\/ecoturisme\/\" rel=\"tag\">Ecoturismo<\/a>\t\t<\/div>\n\t\t\t\t\t\t\n\n\t\t\n\t\t\n\t\t\t<\/div>\n<\/div>\n\t\t\t\t\t\n\t\t<\/div>\n\t\t\t\t<div class=\"wd-carousel-item\">\n\t\t\t\t\t\t\t\t\t\t\t<div class=\"wd-product wd-hover-icons product-grid-item product type-product post-1716 status-publish instock product_cat-ecoturisme has-post-thumbnail sold-individually taxable shipping-taxable purchasable product-type-booking\" data-loop=\"2\" data-id=\"1716\">\n\t\n\t<div class=\"product-wrapper\">\n\t<div class=\"product-element-top wd-quick-shop\">\n\t\t<a href=\"https:\/\/nomadaviatges.com\/es\/producto\/el-gran-espectacle-de-les-aus\/\" class=\"product-image-link\">\n\t\t\t<img loading=\"lazy\" decoding=\"async\" width=\"585\" height=\"586\" src=\"https:\/\/nomadaviatges.com\/wp-content\/uploads\/2018\/08\/el-gran-espectaculo-de-las-aves-1.png\" class=\"attachment-large size-large\" alt=\"\" srcset=\"https:\/\/nomadaviatges.com\/wp-content\/uploads\/2018\/08\/el-gran-espectaculo-de-las-aves-1.png 585w, https:\/\/nomadaviatges.com\/wp-content\/uploads\/2018\/08\/el-gran-espectaculo-de-las-aves-1-300x300.png 300w, https:\/\/nomadaviatges.com\/wp-content\/uploads\/2018\/08\/el-gran-espectaculo-de-las-aves-1-150x150.png 150w\" sizes=\"(max-width: 585px) 100vw, 585px\" \/>\t\t<\/a>\n\n\t\t\t\t\t<div class=\"hover-img\">\n\t\t\t\t<a href=\"https:\/\/nomadaviatges.com\/es\/producto\/el-gran-espectacle-de-les-aus\/\" aria-label=\"Product image\">\n\t\t\t\t\t<img loading=\"lazy\" decoding=\"async\" width=\"1000\" height=\"1000\" src=\"https:\/\/nomadaviatges.com\/wp-content\/uploads\/2018\/08\/espectaculo-aves.jpg\" class=\"attachment-large size-large\" alt=\"\" srcset=\"https:\/\/nomadaviatges.com\/wp-content\/uploads\/2018\/08\/espectaculo-aves.jpg 1000w, https:\/\/nomadaviatges.com\/wp-content\/uploads\/2018\/08\/espectaculo-aves-300x300.jpg 300w, https:\/\/nomadaviatges.com\/wp-content\/uploads\/2018\/08\/espectaculo-aves-150x150.jpg 150w, https:\/\/nomadaviatges.com\/wp-content\/uploads\/2018\/08\/espectaculo-aves-600x600.jpg 600w, https:\/\/nomadaviatges.com\/wp-content\/uploads\/2018\/08\/espectaculo-aves-768x768.jpg 768w\" sizes=\"(max-width: 1000px) 100vw, 1000px\" \/>\t\t\t\t<\/a>\n\t\t\t<\/div>\n\t\t\t\n\t\t<div class=\"wrapp-buttons\">\n\t\t\t<div class=\"wd-buttons\">\n\t\t\t\t<div class=\"wd-add-btn wd-action-btn wd-style-icon wd-add-cart-icon\"><a href=\"https:\/\/nomadaviatges.com\/es\/producto\/el-gran-espectacle-de-les-aus\/\" aria-describedby=\"woocommerce_loop_add_to_cart_link_describedby_1716\" data-quantity=\"1\" class=\"button product_type_booking add_to_cart_button add-to-cart-loop\" data-product_id=\"1716\" data-product_sku=\"\" aria-label=\"Lee m\u00e1s sobre \u201cEl Gran Espectacle de les aus\u201d\" rel=\"nofollow\" data-no-translation-aria-label=\"\"><span data-no-translation=\"\" data-trp-gettext=\"\">Leer m\u00e1s<\/span><\/a><span id=\"woocommerce_loop_add_to_cart_link_describedby_1716\" class=\"screen-reader-text\">\n\t<\/span>\n<\/div>\n\t\t\t\t\t\t\t\t\t\t\t\t\t\t<div class=\"quick-view wd-action-btn wd-style-icon wd-quick-view-icon\">\n\t\t\t<a href=\"https:\/\/nomadaviatges.com\/es\/producto\/el-gran-espectacle-de-les-aus\/\" class=\"open-quick-view quick-view-button\" rel=\"nofollow\" data-id=\"1716\">Vista r\u00e1pida<\/a>\n\t\t<\/div>\n\t\t\t\t\t\t\t\t\t\t\t\t\t<\/div> \n\t\t<\/div>\n\t<\/div>\n\t\t\t\t\t<h3 class=\"wd-entities-title\"><a href=\"https:\/\/nomadaviatges.com\/es\/producto\/el-gran-espectacle-de-les-aus\/\">El Gran Espectacle de les aus<\/a><\/h3>\t\t\t\t<div class=\"wd-product-cats\">\n\t\t\t<a href=\"https:\/\/nomadaviatges.com\/es\/categoria-producto\/ecoturisme\/\" rel=\"tag\">Ecoturismo<\/a>\t\t<\/div>\n\t\t\t\t\t\t\n\n\t\t\n\t\t\n\t\t\t<\/div>\n<\/div>\n\t\t\t\t\t\n\t\t<\/div>\n\t\t\t\t\t\t\t\t<\/div>\n\t\t\t\t\t<\/div>\n\n\t\t\t\t\t\t\t\t\t\t\t\t\t<div class=\"wd-nav-arrows wd-pos-sep wd-hover-1 wd-icon-1\">\n\t\t\t<div class=\"wd-btn-arrow wd-prev wd-disabled\">\n\t\t\t\t<div class=\"wd-arrow-inner\"><\/div>\n\t\t\t<\/div>\n\t\t\t<div class=\"wd-btn-arrow wd-next\">\n\t\t\t\t<div class=\"wd-arrow-inner\"><\/div>\n\t\t\t<\/div>\n\t\t<\/div>\n\t\t\t\t\t\t\t\t\t\t\t<\/div>\n\n\t\t\t\t\t\t<div class=\"wd-nav-pagin-wrap text-center wd-style-shape wd-hide-md-sm wd-hide-sm\">\n\t\t\t<ul class=\"wd-nav-pagin\"><\/ul>\n\t\t<\/div>\n\t\t\t\t\t\t\t\t\t<\/div><!-- end #carousel-488 -->\n\t\t\t\n\t\t\t\t\t<\/div>\n\t\t\t\t\t\t\t\t\t<\/div>\n\t\t\t\t\t\t<\/div>\n\t\t\t\t<\/div>\n\t\t\t\t\t<\/div>\n\t\t<\/div>\n\t\t\t\t\t<\/div>\n\t\t<\/section>\n\t\t\t\t<\/div>","protected":false},"excerpt":{"rendered":"<p>N\u00f2mada Viatges, en col\u00b7laboraci\u00f3 amb el Club Ecoturismo en Espa\u00f1a i la resta d&#8217;empreses adherides, hem confeccionat una serie de<\/p>","protected":false},"author":1,"featured_media":0,"parent":0,"menu_order":0,"comment_status":"closed","ping_status":"closed","template":"","meta":{"_acf_changed":false,"inline_featured_image":false,"ngg_post_thumbnail":0,"footnotes":""},"class_list":["post-14534","page","type-page","status-publish","hentry"],"acf":[],"_links":{"self":[{"href":"https:\/\/nomadaviatges.com\/es\/wp-json\/wp\/v2\/pages\/14534","targetHints":{"allow":["GET"]}}],"collection":[{"href":"https:\/\/nomadaviatges.com\/es\/wp-json\/wp\/v2\/pages"}],"about":[{"href":"https:\/\/nomadaviatges.com\/es\/wp-json\/wp\/v2\/types\/page"}],"author":[{"embeddable":true,"href":"https:\/\/nomadaviatges.com\/es\/wp-json\/wp\/v2\/users\/1"}],"replies":[{"embeddable":true,"href":"https:\/\/nomadaviatges.com\/es\/wp-json\/wp\/v2\/comments?post=14534"}],"version-history":[{"count":0,"href":"https:\/\/nomadaviatges.com\/es\/wp-json\/wp\/v2\/pages\/14534\/revisions"}],"wp:attachment":[{"href":"https:\/\/nomadaviatges.com\/es\/wp-json\/wp\/v2\/media?parent=14534"}],"curies":[{"name":"wp","href":"https:\/\/api.w.org\/{rel}","templated":true}]}}