{"id":14543,"date":"2021-06-29T20:02:12","date_gmt":"2021-06-29T18:02:12","guid":{"rendered":"https:\/\/nomadaviatges.develmedia.es\/?page_id=14543"},"modified":"2021-06-29T20:05:21","modified_gmt":"2021-06-29T18:05:21","slug":"avis-legal-i-politica-de-privacitat","status":"publish","type":"page","link":"https:\/\/nomadaviatges.com\/es\/avis-legal-i-politica-de-privacitat\/","title":{"rendered":"Av\u00eds Legal i Pol\u00edtica de Privacitat"},"content":{"rendered":"<div data-elementor-type=\"wp-page\" data-elementor-id=\"14543\" class=\"elementor elementor-14543\" data-elementor-post-type=\"page\">\n\t\t\t\t\t\t<section data-particle_enable=\"false\" data-particle-mobile-disabled=\"false\" class=\"wd-negative-gap elementor-section elementor-top-section elementor-element elementor-element-1b631e6 wd-section-stretch elementor-section-boxed elementor-section-height-default elementor-section-height-default\" data-id=\"1b631e6\" data-element_type=\"section\" data-settings=\"{&quot;background_background&quot;:&quot;classic&quot;}\">\n\t\t\t\t\t\t\t<div class=\"elementor-background-overlay\"><\/div>\n\t\t\t\t\t\t\t<div class=\"elementor-container elementor-column-gap-default\">\n\t\t\t\t\t<div class=\"elementor-column elementor-col-100 elementor-top-column elementor-element elementor-element-efbafb2\" data-id=\"efbafb2\" data-element_type=\"column\">\n\t\t\t<div class=\"elementor-widget-wrap elementor-element-populated\">\n\t\t\t\t\t\t<div class=\"elementor-element elementor-element-8b2c6d5 color-scheme-inherit text-left elementor-widget elementor-widget-text-editor\" data-id=\"8b2c6d5\" data-element_type=\"widget\" data-widget_type=\"text-editor.default\">\n\t\t\t\t<div class=\"elementor-widget-container\">\n\t\t\t\t\t\t\t\t\t<h3>INFORMACI\u00d3 LEGAL LSSIICE<\/h3><p>D\u2019acord amb les obligacions previstes en la Llei 34\/2002, de Serveis de la Societat de la Informaci\u00f3 i de Comer\u00e7 Electr\u00f2nic (en endavant LSSICE), NOMADA VIATGES SL manifesta que el domini www.nomadaviatges.com es propietat de NOMADA VIATGES SL , amb CIF B43977115, i amb domicili a AVINGUDA COLOM 73 , 43580 DELTEBRE (TARRAGONA ).<\/p><p>Que NOMADA VIATGES SL consta inscrita al Registre Mercantil de Tarragona, al Tom 2477, Foli 28 i Fulla T-39928.<\/p><p>NOMADA VIATGES SL no pot assumir cap responsabilitat derivada de l\u2019\u00fas incorrecte, inadequat o il\u00b7l\u00edcit de la informaci\u00f3 apareguda en les seves p\u00e0gines d\u2019Internet. Amb els l\u00edmits establerts en la llei, NOMADA VIATGES SL no assumeix cap responsabilitat derivada de la falta de veracitat, integritat, actualitzaci\u00f3 i precisi\u00f3 de les dades o informacions que es contenen en les seves p\u00e0gines d\u2019Internet.<\/p><p>Els continguts i informaci\u00f3 de les p\u00e0gines d\u2019Internet de NOMADA VIATGES SL estan elaborades per professionals de la mateixa degudament qualificats per a l\u2019exercici de la seva professi\u00f3. No obstant aix\u00f2, els continguts i informaci\u00f3 no vinculen a l\u2019esmentada corporaci\u00f3 ni constitueixen opinions, consells o assessorament legal de cap tipus, doncs es tracta merament d\u2019un servei ofert amb car\u00e0cter informatiu i divulgatiu. Les p\u00e0gines d\u2019Internet de NOMADA VIATGES SL poden contenir enlla\u00e7os (links) a altres p\u00e0gines de terceres parts. Per tant, aquesta no pot assumir responsabilitats pel contingut que pugui apar\u00e8ixer en p\u00e0gines de tercers. Els textos, imatges, sons, animacions, programari i la resta de continguts inclosos en aquest website s\u00f3n propietat exclusiva de NOMADA VIATGES SL o les seves llicenciants. Qualsevol acte de transmissi\u00f3, distribuci\u00f3, cessi\u00f3, reproducci\u00f3, emmagatzematge o comunicaci\u00f3 p\u00fablica total o parcial, ha de comptar amb el consentiment expr\u00e9s de NOMADA VIATGES SL .<\/p><p>De la mateixa manera es reserva el dret a retirar l\u2019acc\u00e9s al Portal, sense necessitat de previ av\u00eds, a qualsevol usuari que contravingui el disposat en aquest av\u00eds legal.<\/p><p>\u00a0<\/p><h3>PROTECCI\u00d3 DE DADES PERSONALS<\/h3><p>En virtut de la normativa de Protecci\u00f3 de Dades de Car\u00e0cter Personal, per la present autoritza a que les dades personals facilitades siguin tractades en un fitxer denominat Contactes responsabilitat de NOMADA VIATGES SL , CIF: B43977115.<\/p><p>La finalitat d\u2019aquest tractament \u00e9s la gesti\u00f3 i control del correu electr\u00f2nic aix\u00ed com l\u2019agenda de contactes.<br \/>Aquestes dades no seran transmeses a terceres persones i tan sols seran conservades durant es mantingui l\u2019 inter\u00e8s leg\u00edtim que va ocasionar el seu tractament.<\/p><p>En qualsevol cas podr\u00e0 indicar la revocaci\u00f3 del consentiment atorgat, aix\u00ed com exercitar els drets d\u2019acc\u00e9s, rectificaci\u00f3 o supressi\u00f3, la limitaci\u00f3 del tractament o oposar-se, aix\u00ed com el dret a la portabilitat de les dades. Aquestes peticions caldr\u00e0 que es faci a AVINGUDA ESPORTIVA 45 , 43580 DELTEBRE (TARRAGONA ) o b\u00e9, enviar un correu electr\u00f2nic a gerencia@nomadaviatges.com.<\/p><p>Aix\u00ed mateix, podr\u00e0 presentar una reclamaci\u00f3 davant l\u2019Ag\u00e8ncia Espanyola de Protecci\u00f3 de Dades.<\/p><p>\u00a0<\/p><h3>PROPIETAT INDUSTRIAL I INTEL\u00b7LECTUAL<\/h3><p>Aquesta web \u00e9s propietat de NOMADA VIATGES SL . Els drets de Propietat Intel\u00b7lectual i drets d\u2019explotaci\u00f3 i reproducci\u00f3 d\u2019aquesta web, de les seves p\u00e0gines, pantalles, la Informaci\u00f3 que contenen, la seva aparen\u00e7a i disseny, aix\u00ed com els vincles (\u201chiperlinks\u201d) que s\u2019estableixin des d\u2019ella a altres p\u00e0gines web de qualsevol centre adscrits o organisme depenent, s\u00f3n propietat exclusiva d\u2019aquesta, tret que expressament s\u2019especifiqui altra cosa.<br \/>Qualsevol denominacions, dissenys i\/o logotips, aix\u00ed com qualsevol producte o servei oferts i reflectits en aquesta p\u00e0gina web, s\u00f3n marques degudament registrades per NOMADA VIATGES SL , per les seves societats filials i\/o dominades o per tercers.<br \/>Qualsevol \u00fas indegut de les mateixes per persones diferents del seu leg\u00edtim titular i sense el consentiment expr\u00e9s i inequ\u00edvoc per part d\u2019aquest podr\u00e0 ser denunciat i perseguit a trav\u00e9s de tots els mitjans legals existents en l\u2019Ordenament Jur\u00eddic espanyol i\/o comunitari.<\/p><p>Els drets de propietat intel\u00b7lectual i marques de tercers estan destacats convenientment i han de ser respectats per tot aquell que accedeixi a aquesta p\u00e0gina, no sent responsabilitat de NOMADA VIATGES SL l\u2019\u00fas que L\u2019USUARI pugui portar a terme referent a aix\u00f2, recaient la responsabilitat exclusiva en la seva persona.<br \/>Nom\u00e9s per a \u00fas personal i privat es permet descarregar els continguts, copiar o imprimir qualsevol p\u00e0gina d\u2019aquesta web. Queda prohibit reproduir, transmetre, modificar o suprimir la informaci\u00f3, contingut o advertiments d\u2019aquesta web sense la pr\u00e8via autoritzaci\u00f3 per escrit de NOMADA VIATGES SL<br \/>NOMADA VIATGES SL no transfereix als usuaris la propietat del seu software. L\u2019usuari \u00c9s el propietari del suport en el qual el software es gravat. NOMADA VIATGES SL poseeix tots els drets de propietat industrial i intelectual, incloent el sowftare. Si l\u2019 usuari transfereix software d\u2019 aquest website al seu terminal, no podr\u00e0 disseccionar pel seu estudi i descompilar, traduir la versi\u00f3 del codi objecte original o el seu llenguatge a un altre codi o llenguatge.<\/p><p>\u00a0<\/p><h3>LLEI APLICABLE I JURISDICCI\u00d3<\/h3><p>Les presents condicions generals es regeixen per la Legislaci\u00f3 espanyola, sent competents els Jutjats i Tribunals espanyols per a con\u00e8ixer de quantes q\u00fcestions se suscitin sobre la interpretaci\u00f3, aplicaci\u00f3 i compliment de les mateixes. L\u2019USUARI, en virtut de la seva acceptaci\u00f3 a les condicions generals recollides en aquest av\u00eds legal, renuncia expressament a qualsevol fur que, per aplicaci\u00f3 de la Llei d\u2019Enjudiciament Civil vigent pogu\u00e9s correspondre-li.<\/p>\t\t\t\t\t\t\t\t<\/div>\n\t\t\t\t<\/div>\n\t\t\t\t\t<\/div>\n\t\t<\/div>\n\t\t\t\t\t<\/div>\n\t\t<\/section>\n\t\t\t\t<\/div>","protected":false},"excerpt":{"rendered":"<p>INFORMACI\u00d3 LEGAL LSSIICE D\u2019acord amb les obligacions previstes en la Llei 34\/2002, de Serveis de la Societat de la Informaci\u00f3<\/p>","protected":false},"author":1,"featured_media":0,"parent":0,"menu_order":0,"comment_status":"closed","ping_status":"closed","template":"","meta":{"_acf_changed":false,"inline_featured_image":false,"ngg_post_thumbnail":0,"footnotes":""},"class_list":["post-14543","page","type-page","status-publish","hentry"],"acf":[],"_links":{"self":[{"href":"https:\/\/nomadaviatges.com\/es\/wp-json\/wp\/v2\/pages\/14543","targetHints":{"allow":["GET"]}}],"collection":[{"href":"https:\/\/nomadaviatges.com\/es\/wp-json\/wp\/v2\/pages"}],"about":[{"href":"https:\/\/nomadaviatges.com\/es\/wp-json\/wp\/v2\/types\/page"}],"author":[{"embeddable":true,"href":"https:\/\/nomadaviatges.com\/es\/wp-json\/wp\/v2\/users\/1"}],"replies":[{"embeddable":true,"href":"https:\/\/nomadaviatges.com\/es\/wp-json\/wp\/v2\/comments?post=14543"}],"version-history":[{"count":0,"href":"https:\/\/nomadaviatges.com\/es\/wp-json\/wp\/v2\/pages\/14543\/revisions"}],"wp:attachment":[{"href":"https:\/\/nomadaviatges.com\/es\/wp-json\/wp\/v2\/media?parent=14543"}],"curies":[{"name":"wp","href":"https:\/\/api.w.org\/{rel}","templated":true}]}}