{"id":14548,"date":"2021-06-29T21:17:07","date_gmt":"2021-06-29T19:17:07","guid":{"rendered":"https:\/\/nomadaviatges.develmedia.es\/?page_id=14548"},"modified":"2022-05-12T11:46:44","modified_gmt":"2022-05-12T09:46:44","slug":"avis-de-cookies","status":"publish","type":"page","link":"https:\/\/nomadaviatges.com\/es\/avis-de-cookies\/","title":{"rendered":"Av\u00eds de Cookies"},"content":{"rendered":"<div data-elementor-type=\"wp-page\" data-elementor-id=\"14548\" class=\"elementor elementor-14548\" data-elementor-post-type=\"page\">\n\t\t\t\t\t\t<section data-particle_enable=\"false\" data-particle-mobile-disabled=\"false\" class=\"wd-negative-gap elementor-section elementor-top-section elementor-element elementor-element-1b631e6 wd-section-stretch elementor-section-boxed elementor-section-height-default elementor-section-height-default\" data-id=\"1b631e6\" data-element_type=\"section\" data-settings=\"{&quot;background_background&quot;:&quot;classic&quot;}\">\n\t\t\t\t\t\t\t<div class=\"elementor-background-overlay\"><\/div>\n\t\t\t\t\t\t\t<div class=\"elementor-container elementor-column-gap-default\">\n\t\t\t\t\t<div class=\"elementor-column elementor-col-100 elementor-top-column elementor-element elementor-element-efbafb2\" data-id=\"efbafb2\" data-element_type=\"column\">\n\t\t\t<div class=\"elementor-widget-wrap elementor-element-populated\">\n\t\t\t\t\t\t<div class=\"elementor-element elementor-element-8b2c6d5 color-scheme-inherit text-left elementor-widget elementor-widget-text-editor\" data-id=\"8b2c6d5\" data-element_type=\"widget\" data-widget_type=\"text-editor.default\">\n\t\t\t\t<div class=\"elementor-widget-container\">\n\t\t\t\t\t\t\t\t\t<p>En virtut de la normativa de Protecci\u00f3 de Dades de Car\u00e0cter Personal, per la present autoritza a que les dades personals facilitades siguin tractades al fitxer de Xarxes socials i Marketing responsabilitat de NOMADA VIATGES SL .<\/p><p>La finalitat d\u2019aquest tractament \u00e9s la gesti\u00f3 i control de les xarxes socials que es disposen aix\u00ed com dels usuaris que interactuen a la web i la informaci\u00f3 que s\u2019obt\u00e9. Aquestes dades seran transmeses per les empreses gestores de les cookies i seran conservades d\u2019acord als par\u00e0metres d\u2019aquestes entitats.<\/p><p>En qualsevol cas podr\u00e0 indicar la revocaci\u00f3 del consentiment atorgat, aix\u00ed com exercitar els drets d\u2019acc\u00e9s, rectificaci\u00f3 o supressi\u00f3, la limitaci\u00f3 del tractament o oposar-se, aix\u00ed com el dret a la portabilitat de les dades. Aquestes peticions caldr\u00e0 que es faci a AVINGUDA ESPORTIVA 45 , 43580 DELTEBRE (TARRAGONA ) o b\u00e9, enviar un correu electr\u00f2nic a gerencia@nomadaviatges.com.<\/p><p>Aix\u00ed mateix, podr\u00e0 presentar una reclamaci\u00f3 davant l\u2019Ag\u00e8ncia Espanyola de Protecci\u00f3 de Dades.<\/p><p>S\u2019informa l\u2019usuari que Google podr\u00e0 transmetre aquesta informaci\u00f3 a tercers quan aix\u00ed ho requereixi la llei, o quan aquests tercers processin la informaci\u00f3 per compte de Google. Google no associar\u00e0 l\u2019adre\u00e7a IP de l\u2019usuari amb cap altra dada de qu\u00e8 disposi, i per tant ho far\u00e0 totalment de forma anonimitzada.<br \/>Per rebutjar o eliminar aquesta \u201ccookie\u201d es pot consultar la seg\u00fcent adre\u00e7a:<br \/>http:\/\/www.google.com\/intl\/ca\/policies\/privacy\/<br \/>http:\/\/www.google.com\/intl\/en\/privacypolicy.html<\/p><p>\u00a0<\/p><h3>DESACTIVACI\u00d3 I BLOQUEIG DE LES COOKIES<\/h3><p>Internet Explorer: http:\/\/windows.microsoft.com\/es-es\/windows-vista\/block-or-allow-cookies<br \/>Google Chrome: https:\/\/support.google.com\/chrome\/answer\/95647?hl=es<br \/>Mozilla Firefox: http:\/\/support.mozilla.org\/es\/kb\/habilitar-y-deshabilitar-cookies-que-los-sitios-web<br \/>Safari: http:\/\/support.apple.com\/kb\/ph5042?viewlocale=es_es&amp;locale=es_es<br \/>Safari para IOS (Iphone, IPad): http:\/\/support.apple.com\/kb\/ht1677?viewlocale=es_es&amp;locale=es_es<br \/>Chrome para Android: https:\/\/support.google.com\/chrome\/answer\/2392971?hl=es<\/p><p>Si es desitja m\u00e9s informaci\u00f3 sobre les cookies i la seva manera de deshabilitar-les segons el seu sistema de navegaci\u00f3 pot consultar els seg\u00fcents links: www.aboutcookies.org i http:\/\/www.aboutcookies.org\/Default.aspx?page=1<\/p>\t\t\t\t\t\t\t\t<\/div>\n\t\t\t\t<\/div>\n\t\t\t\t\t<\/div>\n\t\t<\/div>\n\t\t\t\t\t<\/div>\n\t\t<\/section>\n\t\t\t\t<\/div>","protected":false},"excerpt":{"rendered":"<p>En virtut de la normativa de Protecci\u00f3 de Dades de Car\u00e0cter Personal, per la present autoritza a que les dades<\/p>","protected":false},"author":1,"featured_media":0,"parent":0,"menu_order":0,"comment_status":"closed","ping_status":"closed","template":"","meta":{"_acf_changed":false,"inline_featured_image":false,"ngg_post_thumbnail":0,"footnotes":""},"class_list":["post-14548","page","type-page","status-publish","hentry"],"acf":[],"_links":{"self":[{"href":"https:\/\/nomadaviatges.com\/es\/wp-json\/wp\/v2\/pages\/14548","targetHints":{"allow":["GET"]}}],"collection":[{"href":"https:\/\/nomadaviatges.com\/es\/wp-json\/wp\/v2\/pages"}],"about":[{"href":"https:\/\/nomadaviatges.com\/es\/wp-json\/wp\/v2\/types\/page"}],"author":[{"embeddable":true,"href":"https:\/\/nomadaviatges.com\/es\/wp-json\/wp\/v2\/users\/1"}],"replies":[{"embeddable":true,"href":"https:\/\/nomadaviatges.com\/es\/wp-json\/wp\/v2\/comments?post=14548"}],"version-history":[{"count":0,"href":"https:\/\/nomadaviatges.com\/es\/wp-json\/wp\/v2\/pages\/14548\/revisions"}],"wp:attachment":[{"href":"https:\/\/nomadaviatges.com\/es\/wp-json\/wp\/v2\/media?parent=14548"}],"curies":[{"name":"wp","href":"https:\/\/api.w.org\/{rel}","templated":true}]}}