{"id":14768,"date":"2021-12-24T09:14:31","date_gmt":"2021-12-24T08:14:31","guid":{"rendered":"https:\/\/nomadaviatges.com\/?page_id=14768"},"modified":"2021-12-24T09:15:27","modified_gmt":"2021-12-24T08:15:27","slug":"assegurances","status":"publish","type":"page","link":"https:\/\/nomadaviatges.com\/es\/assegurances\/","title":{"rendered":"Assegurances"},"content":{"rendered":"<div data-elementor-type=\"wp-page\" data-elementor-id=\"14768\" class=\"elementor elementor-14768\" data-elementor-post-type=\"page\">\n\t\t\t\t\t\t<section data-particle_enable=\"false\" data-particle-mobile-disabled=\"false\" class=\"wd-negative-gap elementor-section elementor-top-section elementor-element elementor-element-1b631e6 wd-section-stretch elementor-section-boxed elementor-section-height-default elementor-section-height-default\" data-id=\"1b631e6\" data-element_type=\"section\" data-settings=\"{&quot;background_background&quot;:&quot;classic&quot;}\">\n\t\t\t\t\t\t\t<div class=\"elementor-background-overlay\"><\/div>\n\t\t\t\t\t\t\t<div class=\"elementor-container elementor-column-gap-default\">\n\t\t\t\t\t<div class=\"elementor-column elementor-col-100 elementor-top-column elementor-element elementor-element-efbafb2\" data-id=\"efbafb2\" data-element_type=\"column\">\n\t\t\t<div class=\"elementor-widget-wrap elementor-element-populated\">\n\t\t\t\t\t\t<div class=\"elementor-element elementor-element-8b2c6d5 color-scheme-inherit text-left elementor-widget elementor-widget-text-editor\" data-id=\"8b2c6d5\" data-element_type=\"widget\" data-widget_type=\"text-editor.default\">\n\t\t\t\t<div class=\"elementor-widget-container\">\n\t\t\t\t\t\t\t\t\t<p><strong>N\u00f2mada Viatges<\/strong>, disposa d\u2019un seguit d\u2019assegurances a disponibilitat dels seus clients, les quals satisfan possibles incidents que puguin sorgir durant el desenvolupament de les seves activitats.<\/p><p>En primer terme t\u00e9 concertada una p\u00f2lissa de Cauci\u00f3 n\u00famero N-4569024-F emesa per la companyia asseguradora Seguros Catalana Occidente, S.A. de Seguros y Reaseguros.<\/p><p>Durant el desenvolupament de l\u2019activitat es disposa de cobertura de Responsabilitat Civil, P\u00f2lissa n\u00fam. 940993 de la companyia AXA i d\u2019Accidents d\u2019Activitats ecotur\u00edstiques i educatives P\u00f2lissa n\u00fam. 02.040892 de la companyia Atlantis, S.A.<\/p><p>Aix\u00ed mateix hi ha la possibilitat de contractar, a petici\u00f3 del client, una asseguran\u00e7a d\u2019assist\u00e8ncia en viatge i \/ o una asseguran\u00e7a de despeses d\u2019anul\u00b7laci\u00f3 per for\u00e7a major.<\/p>\t\t\t\t\t\t\t\t<\/div>\n\t\t\t\t<\/div>\n\t\t\t\t\t<\/div>\n\t\t<\/div>\n\t\t\t\t\t<\/div>\n\t\t<\/section>\n\t\t\t\t<\/div>","protected":false},"excerpt":{"rendered":"<p>N\u00f2mada Viatges, disposa d\u2019un seguit d\u2019assegurances a disponibilitat dels seus clients, les quals satisfan possibles incidents que puguin sorgir durant<\/p>","protected":false},"author":1,"featured_media":0,"parent":0,"menu_order":0,"comment_status":"closed","ping_status":"closed","template":"","meta":{"_acf_changed":false,"inline_featured_image":false,"ngg_post_thumbnail":0,"footnotes":""},"class_list":["post-14768","page","type-page","status-publish","hentry"],"acf":[],"_links":{"self":[{"href":"https:\/\/nomadaviatges.com\/es\/wp-json\/wp\/v2\/pages\/14768","targetHints":{"allow":["GET"]}}],"collection":[{"href":"https:\/\/nomadaviatges.com\/es\/wp-json\/wp\/v2\/pages"}],"about":[{"href":"https:\/\/nomadaviatges.com\/es\/wp-json\/wp\/v2\/types\/page"}],"author":[{"embeddable":true,"href":"https:\/\/nomadaviatges.com\/es\/wp-json\/wp\/v2\/users\/1"}],"replies":[{"embeddable":true,"href":"https:\/\/nomadaviatges.com\/es\/wp-json\/wp\/v2\/comments?post=14768"}],"version-history":[{"count":0,"href":"https:\/\/nomadaviatges.com\/es\/wp-json\/wp\/v2\/pages\/14768\/revisions"}],"wp:attachment":[{"href":"https:\/\/nomadaviatges.com\/es\/wp-json\/wp\/v2\/media?parent=14768"}],"curies":[{"name":"wp","href":"https:\/\/api.w.org\/{rel}","templated":true}]}}