{"id":861,"date":"2017-08-02T11:41:42","date_gmt":"2017-08-02T11:41:42","guid":{"rendered":"http:\/\/dummy.xtemos.com\/woodmart-elementor\/demos\/?page_id=861"},"modified":"2024-04-11T08:23:20","modified_gmt":"2024-04-11T06:23:20","slug":"agencia-viatges-terres-de-lebre","status":"publish","type":"page","link":"https:\/\/nomadaviatges.com\/es\/agencia-viajes-terres-de-lebre\/","title":{"rendered":"Qui\u00e9nes somos"},"content":{"rendered":"<div data-elementor-type=\"wp-page\" data-elementor-id=\"861\" class=\"elementor elementor-861\" data-elementor-post-type=\"page\">\n\t\t\t\t\t\t<section data-particle_enable=\"false\" data-particle-mobile-disabled=\"false\" class=\"wd-negative-gap elementor-section elementor-top-section elementor-element elementor-element-1b631e6 elementor-section-height-min-height wd-section-stretch elementor-section-boxed elementor-section-height-default elementor-section-items-middle\" data-id=\"1b631e6\" data-element_type=\"section\" data-settings=\"{&quot;background_background&quot;:&quot;classic&quot;}\">\n\t\t\t\t\t\t\t<div class=\"elementor-background-overlay\"><\/div>\n\t\t\t\t\t\t\t<div class=\"elementor-container elementor-column-gap-default\">\n\t\t\t\t\t<div class=\"elementor-column elementor-col-100 elementor-top-column elementor-element elementor-element-efbafb2\" data-id=\"efbafb2\" data-element_type=\"column\">\n\t\t\t<div class=\"elementor-widget-wrap elementor-element-populated\">\n\t\t\t\t\t\t<div class=\"elementor-element elementor-element-03796c1 wd-width-100 elementor-widget elementor-widget-wd_title\" data-id=\"03796c1\" data-element_type=\"widget\" data-widget_type=\"wd_title.default\">\n\t\t\t\t<div class=\"elementor-widget-container\">\n\t\t\t\t\t\t\t<div class=\"title-wrapper set-mb-s reset-last-child wd-title-color-default wd-title-style-default wd-title-size-extra-large text-center\">\n\n\t\t\t\n\t\t\t<div class=\"liner-continer\">\n\t\t\t\t<h4 class=\"woodmart-title-container title wd-fontsize-xxxl\">Agencia de viajes en Terres de l'Ebre<br \/>\nN\u00f2mada Viatges<br \/>\n<\/h4> \n\t\t\t\t\t\t\t<\/div>\n\n\t\t\t\t\t<\/div>\n\t\t\t\t\t\t<\/div>\n\t\t\t\t<\/div>\n\t\t\t\t<section data-particle_enable=\"false\" data-particle-mobile-disabled=\"false\" class=\"wd-negative-gap elementor-section elementor-inner-section elementor-element elementor-element-ac7466b elementor-section-boxed elementor-section-height-default elementor-section-height-default\" data-id=\"ac7466b\" data-element_type=\"section\">\n\t\t\t\t\t\t<div class=\"elementor-container elementor-column-gap-default\">\n\t\t\t\t\t<div class=\"elementor-column elementor-col-50 elementor-inner-column elementor-element elementor-element-9fad525\" data-id=\"9fad525\" data-element_type=\"column\" data-settings=\"{&quot;background_background&quot;:&quot;classic&quot;}\">\n\t\t\t<div class=\"elementor-widget-wrap elementor-element-populated\">\n\t\t\t\t\t\t<div class=\"elementor-element elementor-element-4f2da60 color-scheme-inherit text-left elementor-widget elementor-widget-text-editor\" data-id=\"4f2da60\" data-element_type=\"widget\" data-widget_type=\"text-editor.default\">\n\t\t\t\t<div class=\"elementor-widget-container\">\n\t\t\t\t\t\t\t\t\t<p class=\" translation-block\">\u00a1Bienvenidos a las Tierras del Ebro(<strong> (Reserva de la Biosfera<\/strong>) y a sus dos parques naturales (Delta del Ebro y los Puertos), donde podr\u00e1n disfrutar de una naturaleza, gastronom\u00eda y cultura propia.<\/p><p><strong>N\u00f2mada Viatges<\/strong>\u00a0es una agencia de viajes receptiva especializada en\u00a0<strong>ecoturismo en las Tierras del Ebro<\/strong>. Colabora con el\u00a0<strong>Parque Natural del Delta del Ebro<\/strong>\u00a0para desarrollar un turismo responsable y sostenible. Este proyecto surge fruto de la inquietud y experiencia de un grupo de personas del territorio con vocaci\u00f3n por su desarrollo.<\/p><p>Estem acreditats amb la 3\u00aa Fase de la <strong>CETS<\/strong> (Carta Europea de Turisme Sostenible), projecte de la Federaci\u00f3 \u201cEUROPARC\u201d. Som membres de l\u2019Associaci\u00f3 Corporativa d\u2019Ag\u00e8ncies de Viatges Especialitzades. I mitjan\u00e7ant l\u2019Associaci\u00f3 d\u2019Empreses d\u2019Ecoturisme del Delta de l\u2019Ebre, estem representats al Club de Ecoturismo de Espa\u00f1a i a la Taula d\u2019Ecoturisme de Catalunya.<\/p><p>Vols descobrir, experimentar, con\u00e8ixer i gaudir d\u2019un espai inigualable, tot un m\u00f3n ple de sensacions, matisos i tranquil\u00b7litat, amb una gran personalitat paisatg\u00edstica, natural i cultural,\u00a0<strong>el\u00a0Delta de l\u2019Ebre, el Mass\u00eds dels Ports i les Terres de l\u2019Ebre <\/strong>en el seu conjunt. Llavors no ho pensis m\u00e9s, aquest \u00e9s el teu lloc, vine i comparteix-lo amb nosaltres.<\/p><p>Ens adaptem a les teves necessitats, us preparem i organitzem programes, excursions i viatges combinats a mida tant d\u2019\u00e0mbit escolar, familiar, com d\u2019empresa. Amb centres d\u2019inter\u00e8s com (\u201cViu el Delta de l\u2019Ebre\u201d basat en el coneixement del riu Ebre, l\u2019observaci\u00f3 dels ocells, el m\u00f3n de l\u2019arr\u00f2s, la pesca tradicional, \u201cPaisatges Picassians\u201d, descoberta del riu dels Estrets d\u2019Arnes. Realitzem rutes amb bicicleta, safaris fotogr\u00e0fics, visites culturals, \u2026).<\/p><p>A la vegada, col\u00b7labora estretament amb\u00a0<strong>L\u2019Escola del Parc<\/strong>, entitat d\u2019una llarga traject\u00f2ria i experi\u00e8ncia -m\u00e9s de 32 anys ens avalen- en l\u2019\u00e0mbit de la comunicaci\u00f3 ambiental (Informaci\u00f3, Interpretaci\u00f3 Patrimonial, Educaci\u00f3 Ambiental, Campanyes de sensibilitzaci\u00f3 Ciutadana, \u2026) i productes de turisme de natura, sent el seu \u00e0mbit fonamental d\u2019actuaci\u00f3 les Terres de l\u2019Ebre (Delta de l\u2019Ebre, Ports, riu, poblacions, \u2026). Inscrita al Cens general d\u2019entitats d\u2019educaci\u00f3 ambiental de Catalunya del Departament de Medi ambient de la Generalitat, aix\u00ed com part integrant del \u201cConsell de Centres\u201d de la\u00a0<strong>Societat Catalana d\u2019educaci\u00f3 Ambiental<\/strong>. I acreditada amb la 2\u00aa Fase de la <strong>CETS<\/strong>.<\/p><p>No dubtis, deixat conduir per\u00a0<strong>N\u00f2mada Viatges<\/strong>\u00a0i L\u2019<strong>Escola del Parc<\/strong>. Demana\u2019ns pressupost sense compromis, e-mail: <strong>comercial@nomadaviatges.com<\/strong>\u00a0o al tel\u00e8fon\u00a0<strong>977\u00a0481 497<\/strong>.<\/p>\t\t\t\t\t\t\t\t<\/div>\n\t\t\t\t<\/div>\n\t\t\t\t\t<\/div>\n\t\t<\/div>\n\t\t\t\t<div class=\"elementor-column elementor-col-50 elementor-inner-column elementor-element elementor-element-1e1d32b elementor-hidden-phone\" data-id=\"1e1d32b\" data-element_type=\"column\">\n\t\t\t<div class=\"elementor-widget-wrap elementor-element-populated\">\n\t\t\t\t\t\t<div class=\"elementor-element elementor-element-ff92407 wd-width-100 elementor-widget elementor-widget-wd_images_gallery\" data-id=\"ff92407\" data-element_type=\"widget\" data-widget_type=\"wd_images_gallery.default\">\n\t\t\t\t<div class=\"elementor-widget-container\">\n\t\t\t\t\t\t\t<div class=\"wd-images-gallery photoswipe-images\" style=\"--wd-align-items:center; --wd-justify-content:center;\">\n\t\t\t\t\t\t<div class=\"wd-masonry wd-grid-f-col\" style=\"--wd-col-lg:2;--wd-col-md:2;--wd-col-sm:1;--wd-gap-lg:0px;\" >\n\t\t\t\t\t\t\t\t\t\t\t\t\t\t\t\t\t\t<div class=\"wd-gallery-item wd-col\">\n\t\t\t\t\t\t\t\t\t\t\t\t\t<a  href=\"https:\/\/nomadaviatges.com\/wp-content\/uploads\/2021\/01\/el-parc-a-lescola-programa-educacio-ambiental-2020-2.jpg\"data-width=\"1600\" data-height=\"777\" data-index=\"1\" data-elementor-open-lightbox=\"no\">\n\t\t\t\t\t\t\n\t\t\t\t\t\t<img decoding=\"async\" src=\"https:\/\/nomadaviatges.com\/wp-content\/uploads\/2021\/01\/el-parc-a-lescola-programa-educacio-ambiental-2020-2-1024x497.jpg\"alt=\"El Parc a l&#039;Escola! Programa Educaci\u00f3 Ambiental 2020\">\n\t\t\t\t\t\t\t\t\t\t\t\t\t<\/a>\n\t\t\t\t\t\t\t\t\t\t\t<\/div>\n\t\t\t\t\t\t\t\t\t\t\t\t\t\t\t<div class=\"wd-gallery-item wd-col\">\n\t\t\t\t\t\t\t\t\t\t\t\t\t<a  href=\"https:\/\/nomadaviatges.com\/wp-content\/uploads\/2021\/01\/IMG-20201024-WA0030-2.jpg\"data-width=\"1600\" data-height=\"1200\" data-index=\"2\" data-elementor-open-lightbox=\"no\">\n\t\t\t\t\t\t\n\t\t\t\t\t\t<img decoding=\"async\" src=\"https:\/\/nomadaviatges.com\/wp-content\/uploads\/2021\/01\/IMG-20201024-WA0030-2-1024x768.jpg\"alt=\"IMG-20201024-WA0030\">\n\t\t\t\t\t\t\t\t\t\t\t\t\t<\/a>\n\t\t\t\t\t\t\t\t\t\t\t<\/div>\n\t\t\t\t\t\t\t\t\t\t\t\t\t\t\t<div class=\"wd-gallery-item wd-col\">\n\t\t\t\t\t\t\t\t\t\t\t\t\t<a  href=\"https:\/\/nomadaviatges.com\/wp-content\/uploads\/2021\/01\/IMG-20201024-WA0026-2.jpg\"data-width=\"1600\" data-height=\"1200\" data-index=\"3\" data-elementor-open-lightbox=\"no\">\n\t\t\t\t\t\t\n\t\t\t\t\t\t<img decoding=\"async\" src=\"https:\/\/nomadaviatges.com\/wp-content\/uploads\/2021\/01\/IMG-20201024-WA0026-2-1024x768.jpg\"alt=\"IMG-20201024-WA0026\">\n\t\t\t\t\t\t\t\t\t\t\t\t\t<\/a>\n\t\t\t\t\t\t\t\t\t\t\t<\/div>\n\t\t\t\t\t\t\t\t\t\t\t\t\t\t\t<div class=\"wd-gallery-item wd-col\">\n\t\t\t\t\t\t\t\t\t\t\t\t\t<a  href=\"https:\/\/nomadaviatges.com\/wp-content\/uploads\/2021\/01\/IMG-20201024-WA0009-2.jpg\"data-width=\"1600\" data-height=\"1200\" data-index=\"4\" data-elementor-open-lightbox=\"no\">\n\t\t\t\t\t\t\n\t\t\t\t\t\t<img decoding=\"async\" src=\"https:\/\/nomadaviatges.com\/wp-content\/uploads\/2021\/01\/IMG-20201024-WA0009-2-1024x768.jpg\"alt=\"IMG-20201024-WA0009\">\n\t\t\t\t\t\t\t\t\t\t\t\t\t<\/a>\n\t\t\t\t\t\t\t\t\t\t\t<\/div>\n\t\t\t\t\t\t\t\t\t\t\t\t\t\t\t<div class=\"wd-gallery-item wd-col\">\n\t\t\t\t\t\t\t\t\t\t\t\t\t<a  href=\"https:\/\/nomadaviatges.com\/wp-content\/uploads\/2021\/01\/IMG-20201024-WA0008-2.jpg\"data-width=\"1600\" data-height=\"1200\" data-index=\"5\" data-elementor-open-lightbox=\"no\">\n\t\t\t\t\t\t\n\t\t\t\t\t\t<img decoding=\"async\" src=\"https:\/\/nomadaviatges.com\/wp-content\/uploads\/2021\/01\/IMG-20201024-WA0008-2-1024x768.jpg\"alt=\"IMG-20201024-WA0008\">\n\t\t\t\t\t\t\t\t\t\t\t\t\t<\/a>\n\t\t\t\t\t\t\t\t\t\t\t<\/div>\n\t\t\t\t\t\t\t\t\t\t\t\t\t\t\t<div class=\"wd-gallery-item wd-col\">\n\t\t\t\t\t\t\t\t\t\t\t\t\t<a  href=\"https:\/\/nomadaviatges.com\/wp-content\/uploads\/2021\/01\/IMG-20201024-WA0002-2.jpg\"data-width=\"1600\" data-height=\"1200\" data-index=\"6\" data-elementor-open-lightbox=\"no\">\n\t\t\t\t\t\t\n\t\t\t\t\t\t<img decoding=\"async\" src=\"https:\/\/nomadaviatges.com\/wp-content\/uploads\/2021\/01\/IMG-20201024-WA0002-2-1024x768.jpg\"alt=\"IMG-20201024-WA0002\">\n\t\t\t\t\t\t\t\t\t\t\t\t\t<\/a>\n\t\t\t\t\t\t\t\t\t\t\t<\/div>\n\t\t\t\t\t\t\t\t\t\t\t\t\t\t\t<div class=\"wd-gallery-item wd-col\">\n\t\t\t\t\t\t\t\t\t\t\t\t\t<a  href=\"https:\/\/nomadaviatges.com\/wp-content\/uploads\/2021\/01\/IMG-20201024-WA0005-2.jpg\"data-width=\"1600\" data-height=\"1200\" data-index=\"7\" data-elementor-open-lightbox=\"no\">\n\t\t\t\t\t\t\n\t\t\t\t\t\t<img decoding=\"async\" src=\"https:\/\/nomadaviatges.com\/wp-content\/uploads\/2021\/01\/IMG-20201024-WA0005-2-1024x768.jpg\"alt=\"IMG-20201024-WA0005\">\n\t\t\t\t\t\t\t\t\t\t\t\t\t<\/a>\n\t\t\t\t\t\t\t\t\t\t\t<\/div>\n\t\t\t\t\t\t\t\t\t\t\t\t\t\t\t<div class=\"wd-gallery-item wd-col\">\n\t\t\t\t\t\t\t\t\t\t\t\t\t<a  href=\"https:\/\/nomadaviatges.com\/wp-content\/uploads\/2021\/01\/IMG-20201022-WA0078-3.jpg\"data-width=\"1600\" data-height=\"737\" data-index=\"8\" data-elementor-open-lightbox=\"no\">\n\t\t\t\t\t\t\n\t\t\t\t\t\t<img decoding=\"async\" src=\"https:\/\/nomadaviatges.com\/wp-content\/uploads\/2021\/01\/IMG-20201022-WA0078-3-1024x472.jpg\"alt=\"IMG-20201022-WA0078\">\n\t\t\t\t\t\t\t\t\t\t\t\t\t<\/a>\n\t\t\t\t\t\t\t\t\t\t\t<\/div>\n\t\t\t\t\t\t\t\t\t\t\t\t\t\t\t<div class=\"wd-gallery-item wd-col\">\n\t\t\t\t\t\t\t\t\t\t\t\t\t<a  href=\"https:\/\/nomadaviatges.com\/wp-content\/uploads\/2021\/01\/IMG-20201022-WA0055-3.jpg\"data-width=\"1600\" data-height=\"736\" data-index=\"9\" data-elementor-open-lightbox=\"no\">\n\t\t\t\t\t\t\n\t\t\t\t\t\t<img decoding=\"async\" src=\"https:\/\/nomadaviatges.com\/wp-content\/uploads\/2021\/01\/IMG-20201022-WA0055-3-1024x471.jpg\"alt=\"IMG-20201022-WA0055\">\n\t\t\t\t\t\t\t\t\t\t\t\t\t<\/a>\n\t\t\t\t\t\t\t\t\t\t\t<\/div>\n\t\t\t\t\t\t\t\t\t\t\t\t\t<\/div>\n\t\t\t\t\t<\/div>\n\t\t\t\t\t\t<\/div>\n\t\t\t\t<\/div>\n\t\t\t\t\t<\/div>\n\t\t<\/div>\n\t\t\t\t\t<\/div>\n\t\t<\/section>\n\t\t\t\t\t<\/div>\n\t\t<\/div>\n\t\t\t\t\t<\/div>\n\t\t<\/section>\n\t\t\t\t<\/div>","protected":false},"excerpt":{"rendered":"<p>Ag\u00e8ncia de viatges de les Terres de l&#8217;Ebre N\u00f2mada Viatges Benvinguts a les Terres de l\u2019Ebre (Reserva de la Biosfera)<\/p>","protected":false},"author":1,"featured_media":0,"parent":0,"menu_order":0,"comment_status":"closed","ping_status":"closed","template":"","meta":{"_acf_changed":false,"inline_featured_image":false,"ngg_post_thumbnail":0,"footnotes":""},"class_list":["post-861","page","type-page","status-publish","hentry"],"acf":[],"_links":{"self":[{"href":"https:\/\/nomadaviatges.com\/es\/wp-json\/wp\/v2\/pages\/861","targetHints":{"allow":["GET"]}}],"collection":[{"href":"https:\/\/nomadaviatges.com\/es\/wp-json\/wp\/v2\/pages"}],"about":[{"href":"https:\/\/nomadaviatges.com\/es\/wp-json\/wp\/v2\/types\/page"}],"author":[{"embeddable":true,"href":"https:\/\/nomadaviatges.com\/es\/wp-json\/wp\/v2\/users\/1"}],"replies":[{"embeddable":true,"href":"https:\/\/nomadaviatges.com\/es\/wp-json\/wp\/v2\/comments?post=861"}],"version-history":[{"count":0,"href":"https:\/\/nomadaviatges.com\/es\/wp-json\/wp\/v2\/pages\/861\/revisions"}],"wp:attachment":[{"href":"https:\/\/nomadaviatges.com\/es\/wp-json\/wp\/v2\/media?parent=861"}],"curies":[{"name":"wp","href":"https:\/\/api.w.org\/{rel}","templated":true}]}}