{"id":15404,"date":"2022-06-10T10:33:36","date_gmt":"2022-06-10T08:33:36","guid":{"rendered":"https:\/\/nomadaviatges.com\/?post_type=product&#038;p=15404"},"modified":"2022-11-03T12:15:41","modified_gmt":"2022-11-03T11:15:41","slug":"deltebre-estada-didactica-eso","status":"publish","type":"product","link":"https:\/\/nomadaviatges.com\/es\/producto\/deltebre-estada-didactica-eso\/","title":{"rendered":"Deltebre &#8211; Estada Did\u00e0ctica ESO"},"content":{"rendered":"","protected":false},"excerpt":{"rendered":"<p>\u00d2ptim equilibri d\u2019activitats l\u00fadico i did\u00e0ctiques gr\u00e0cies al contacte directe que els alumnes tenen amb la natura.<\/p>\n<p><a href=\"https:\/\/nomadaviatges.com\/wp-content\/uploads\/2022\/06\/deltebre-estada-didactica-eso.pdf\" target=\"_blank\" rel=\"noopener\">Descarregar programa complet<\/a><\/p>","protected":false},"featured_media":15409,"template":"","meta":{"_acf_changed":false,"inline_featured_image":false,"ngg_post_thumbnail":0},"product_brand":[],"product_cat":[75,156],"product_tag":[],"class_list":{"0":"post-15404","1":"product","2":"type-product","3":"status-publish","4":"has-post-thumbnail","6":"product_cat-activitats-escolars","7":"product_cat-eso","9":"first","10":"instock","11":"sold-individually","12":"taxable","13":"shipping-taxable","14":"purchasable","15":"product-type-booking"},"acf":[],"_links":{"self":[{"href":"https:\/\/nomadaviatges.com\/es\/wp-json\/wp\/v2\/product\/15404","targetHints":{"allow":["GET"]}}],"collection":[{"href":"https:\/\/nomadaviatges.com\/es\/wp-json\/wp\/v2\/product"}],"about":[{"href":"https:\/\/nomadaviatges.com\/es\/wp-json\/wp\/v2\/types\/product"}],"wp:featuredmedia":[{"embeddable":true,"href":"https:\/\/nomadaviatges.com\/es\/wp-json\/wp\/v2\/media\/15409"}],"wp:attachment":[{"href":"https:\/\/nomadaviatges.com\/es\/wp-json\/wp\/v2\/media?parent=15404"}],"wp:term":[{"taxonomy":"product_brand","embeddable":true,"href":"https:\/\/nomadaviatges.com\/es\/wp-json\/wp\/v2\/product_brand?post=15404"},{"taxonomy":"product_cat","embeddable":true,"href":"https:\/\/nomadaviatges.com\/es\/wp-json\/wp\/v2\/product_cat?post=15404"},{"taxonomy":"product_tag","embeddable":true,"href":"https:\/\/nomadaviatges.com\/es\/wp-json\/wp\/v2\/product_tag?post=15404"}],"curies":[{"name":"wp","href":"https:\/\/api.w.org\/{rel}","templated":true}]}}