{"id":15934,"date":"2024-04-12T07:02:29","date_gmt":"2024-04-12T05:02:29","guid":{"rendered":"https:\/\/nomadaviatges.com\/?post_type=product&#038;p=15934"},"modified":"2024-04-15T07:23:28","modified_gmt":"2024-04-15T05:23:28","slug":"els-ports-descoberta-via-verda","status":"publish","type":"product","link":"https:\/\/nomadaviatges.com\/es\/producto\/els-ports-descoberta-via-verda\/","title":{"rendered":"Els Ports &#8211; Descoberta Via Verda"},"content":{"rendered":"","protected":false},"excerpt":{"rendered":"<p>ALCA\u00d1IZ FINS A LA DESEMBOCADURA DEL RIU EBRE.&nbsp; Recorregut autoguiat per la Via Verda, Cam\u00ed Natural Baix Ebre i Cam\u00ed de Sirga del Delta de l\u2019Ebre.<\/p>\n<p><a href=\"https:\/\/nomadaviatges.com\/wp-content\/uploads\/2024\/04\/CAT.-PRODUCTO-ECOTURISMO-ELS-PORTS.pdf\">Descarrega programa complet<\/a><\/p>","protected":false},"featured_media":14682,"template":"","meta":{"_acf_changed":false,"inline_featured_image":false,"ngg_post_thumbnail":0},"product_brand":[],"product_cat":[65],"product_tag":[],"class_list":{"0":"post-15934","1":"product","2":"type-product","3":"status-publish","4":"has-post-thumbnail","6":"product_cat-ecoturisme","8":"first","9":"onbackorder","10":"taxable","11":"shipping-taxable","12":"product-type-simple"},"acf":[],"_links":{"self":[{"href":"https:\/\/nomadaviatges.com\/es\/wp-json\/wp\/v2\/product\/15934","targetHints":{"allow":["GET"]}}],"collection":[{"href":"https:\/\/nomadaviatges.com\/es\/wp-json\/wp\/v2\/product"}],"about":[{"href":"https:\/\/nomadaviatges.com\/es\/wp-json\/wp\/v2\/types\/product"}],"wp:featuredmedia":[{"embeddable":true,"href":"https:\/\/nomadaviatges.com\/es\/wp-json\/wp\/v2\/media\/14682"}],"wp:attachment":[{"href":"https:\/\/nomadaviatges.com\/es\/wp-json\/wp\/v2\/media?parent=15934"}],"wp:term":[{"taxonomy":"product_brand","embeddable":true,"href":"https:\/\/nomadaviatges.com\/es\/wp-json\/wp\/v2\/product_brand?post=15934"},{"taxonomy":"product_cat","embeddable":true,"href":"https:\/\/nomadaviatges.com\/es\/wp-json\/wp\/v2\/product_cat?post=15934"},{"taxonomy":"product_tag","embeddable":true,"href":"https:\/\/nomadaviatges.com\/es\/wp-json\/wp\/v2\/product_tag?post=15934"}],"curies":[{"name":"wp","href":"https:\/\/api.w.org\/{rel}","templated":true}]}}