{"id":15979,"date":"2024-04-15T07:21:49","date_gmt":"2024-04-15T05:21:49","guid":{"rendered":"https:\/\/nomadaviatges.com\/?post_type=product&#038;p=15979"},"modified":"2024-04-15T07:22:17","modified_gmt":"2024-04-15T05:22:17","slug":"programa-itineraris-i-activitats-parc-natural-els-ports","status":"publish","type":"product","link":"https:\/\/nomadaviatges.com\/es\/producto\/programa-itineraris-i-activitats-parc-natural-els-ports\/","title":{"rendered":"PROGRAMA ITINERARIS I ACTIVITATS PARC NATURAL ELS PORTS"},"content":{"rendered":"<p>Les muntanyes dels Ports ocupen un immens territori entre Catalunya, Arag\u00f3 i Val\u00e8ncia.<br \/>\nL&#8217;any 2001 es va declarar parc natural amb una superf\u00edcie 35.050 Ha.<br \/>\nEls Ports s\u00f3n un mass\u00eds amb molt de car\u00e0cter: profunds barrancs, pistes forestals, impressionants<br \/>\npics calcaris, densos boscos de pi negre i vermell, fagedes. Les excursions pels Puer- tos s\u00f3n molt<br \/>\ninteressants, ja que es pot gaudir de paisatges realment espectaculars.<br \/>\nEls itineraris de les excursions d&#8217;un dia es programaran segons les caracter\u00edstiques del grup, el<br \/>\npunt d&#8217;inici i final del recorregut, el mitj\u00e0 de transport, etc.<\/p>","protected":false},"excerpt":{"rendered":"<p>Les muntanyes dels Ports ocupen un immens territori entre Catalunya, Arag\u00f3 i Val\u00e8ncia. L&#8217;any 2001 es va declarar parc natural amb una superf\u00edcie 35.050 Ha.<br \/>\nEls Ports s\u00f3n un mass\u00eds amb molt de car\u00e0cter: profunds barrancs, pistes forestals, impressionants pics calcaris, densos boscos de pi negre i vermell, fagedes. Les excursions pels Puer- tos s\u00f3n molt interessants, ja que es pot gaudir de paisatges realment espectaculars.<br \/>\nEls itineraris de les excursions d&#8217;un dia es programaran segons les caracter\u00edstiques del grup, el punt d&#8217;inici i final del recorregut, el mitj\u00e0 de transport, etc.<\/p>\n<p><a href=\"https:\/\/nomadaviatges.com\/wp-content\/uploads\/2024\/04\/CAT.-PRODUCTO-ESCOLAR-ELS-PORTS-1.pdf\" target=\"_blank\" rel=\"noopener\">Descarrega programa complet<\/a><\/p>","protected":false},"featured_media":15980,"template":"","meta":{"_acf_changed":false,"inline_featured_image":false,"ngg_post_thumbnail":0},"product_brand":[],"product_cat":[75],"product_tag":[],"class_list":{"0":"post-15979","1":"product","2":"type-product","3":"status-publish","4":"has-post-thumbnail","6":"product_cat-activitats-escolars","8":"first","9":"onbackorder","10":"taxable","11":"shipping-taxable","12":"product-type-simple"},"acf":[],"_links":{"self":[{"href":"https:\/\/nomadaviatges.com\/es\/wp-json\/wp\/v2\/product\/15979","targetHints":{"allow":["GET"]}}],"collection":[{"href":"https:\/\/nomadaviatges.com\/es\/wp-json\/wp\/v2\/product"}],"about":[{"href":"https:\/\/nomadaviatges.com\/es\/wp-json\/wp\/v2\/types\/product"}],"wp:featuredmedia":[{"embeddable":true,"href":"https:\/\/nomadaviatges.com\/es\/wp-json\/wp\/v2\/media\/15980"}],"wp:attachment":[{"href":"https:\/\/nomadaviatges.com\/es\/wp-json\/wp\/v2\/media?parent=15979"}],"wp:term":[{"taxonomy":"product_brand","embeddable":true,"href":"https:\/\/nomadaviatges.com\/es\/wp-json\/wp\/v2\/product_brand?post=15979"},{"taxonomy":"product_cat","embeddable":true,"href":"https:\/\/nomadaviatges.com\/es\/wp-json\/wp\/v2\/product_cat?post=15979"},{"taxonomy":"product_tag","embeddable":true,"href":"https:\/\/nomadaviatges.com\/es\/wp-json\/wp\/v2\/product_tag?post=15979"}],"curies":[{"name":"wp","href":"https:\/\/api.w.org\/{rel}","templated":true}]}}